{"id":2084,"date":"2025-11-25T07:54:55","date_gmt":"2025-11-25T07:54:55","guid":{"rendered":"https:\/\/ket-rol.com.pl\/portal\/?page_id=2084"},"modified":"2026-03-19T10:57:21","modified_gmt":"2026-03-19T10:57:21","slug":"spoldzielnia-ket-rol-w-ketach-sprzeda-stacje-paliw-wraz-z-duza-dzialka","status":"publish","type":"page","link":"https:\/\/ket-rol.com.pl\/portal\/spoldzielnia-ket-rol-w-ketach-sprzeda-stacje-paliw-wraz-z-duza-dzialka\/","title":{"rendered":"Sp\u00f3\u0142dzielnia &#8222;K\u0119t-Rol&#8221; w K\u0119tach sprzeda Stacj\u0119 Paliw wraz z du\u017c\u0105 dzia\u0142k\u0105"},"content":{"rendered":"\t\t<div data-elementor-type=\"wp-page\" data-elementor-id=\"2084\" class=\"elementor elementor-2084\">\n\t\t\t\t\t\t<section class=\"elementor-section elementor-top-section elementor-element elementor-element-69f8a3a2 elementor-section-boxed elementor-section-height-default elementor-section-height-default\" data-id=\"69f8a3a2\" data-element_type=\"section\" data-e-type=\"section\">\n\t\t\t\t\t\t<div class=\"elementor-container elementor-column-gap-default\">\n\t\t\t\t\t<div class=\"elementor-column elementor-col-100 elementor-top-column elementor-element elementor-element-5445516a\" data-id=\"5445516a\" data-element_type=\"column\" data-e-type=\"column\">\n\t\t\t<div class=\"elementor-widget-wrap elementor-element-populated\">\n\t\t\t\t\t\t<div class=\"elementor-element elementor-element-1ee6aeb0 elementor-widget elementor-widget-text-editor\" data-id=\"1ee6aeb0\" data-element_type=\"widget\" data-e-type=\"widget\" data-widget_type=\"text-editor.default\">\n\t\t\t\t<div class=\"elementor-widget-container\">\n\t\t\t\t\t\t\t\t\t<p>Sp\u00f3\u0142dzielnia &#8222;K\u0119t-Rol&#8221; w K\u0119tach (pow. o\u015bwi\u0119cimski) og\u0142asza sprzeda nieruchomo\u015b\u0107 mieszcz\u0105c\u0105 si\u0119 w K\u0119tach przy ulicy Krakowskiej 96 a (dojazd r\u00f3wnie\u017c z ulicy Widok).<\/p>\n<p>Przedmiotem sprzeda\u017cy jest dzia\u0142ka o pow. 0,1471 ha, b\u0119d\u0105c\u0105 w wieczystym u\u017cytkowaniu (2093-09-28) zabudowan\u0105 Stacj\u0105 Paliw sk\u0142adaj\u0105c\u0105 si\u0119 z budynku handlowo-magazynowego o pow. 40m2 w wyposa\u017conego w sanitariat WC, zadaszonego stanowiska z dystrybutorami Pb95 -1x, ON -1x, podziemnego zbiornika paliw oraz stacji tankowania LPG z dwoma naziemnym zbiornikami oraz dystrybutorem 1x. Wszystkie urz\u0105dzenia stacji paliw posiadaj\u0105 aktualne przegl\u0105dy, dodatkowo legalizacja zbiorniku na paliwa posiada legalizacj\u0119 do 2031 roku, a zbiorniki LPG do 2035 roku.<\/p>\n<p>Bezpo\u015brednio za budynkiem handlowo-magazynowym umiejscowiony jest zadaszony ogrodzony zamykany boks (w\u0142asno\u015b\u0107 Sp\u00f3\u0142dzielni) Stacja w ci\u0105g\u0142ej dzia\u0142alno\u015bci.<\/p>\n<p>Nr. dzia\u0142ki 3957<\/p>\n<p><strong>Cena netto 595.000,00 z\u0142<\/strong><\/p>\n<p><strong>Cena brutto (23VAT) 731.850,00 z\u0142<\/strong><\/p>\t\t\t\t\t\t\t\t<\/div>\n\t\t\t\t<\/div>\n\t\t\t\t\t<\/div>\n\t\t<\/div>\n\t\t\t\t\t<\/div>\n\t\t<\/section>\n\t\t\t\t<section class=\"elementor-section elementor-top-section elementor-element elementor-element-a3ff389 elementor-section-boxed elementor-section-height-default elementor-section-height-default\" data-id=\"a3ff389\" data-element_type=\"section\" data-e-type=\"section\">\n\t\t\t\t\t\t<div class=\"elementor-container elementor-column-gap-default\">\n\t\t\t\t\t<div class=\"elementor-column elementor-col-100 elementor-top-column elementor-element elementor-element-357c284\" data-id=\"357c284\" data-element_type=\"column\" data-e-type=\"column\">\n\t\t\t<div class=\"elementor-widget-wrap elementor-element-populated\">\n\t\t\t\t\t\t<div class=\"elementor-element elementor-element-5ea0df7 elementor-widget elementor-widget-borderless-elementor-slider\" data-id=\"5ea0df7\" data-element_type=\"widget\" data-e-type=\"widget\" data-settings=\"{&quot;borderless_elementor_slider_options_autoplay_speed&quot;:3000}\" data-widget_type=\"borderless-elementor-slider.default\">\n\t\t\t\t<div class=\"elementor-widget-container\">\n\t\t\t\t\t\n\t\t<div class=\"borderless-elementor-slider-widget\" data-slider-autoplay=\"yes\" data-slider-autoplay-pause-on-hover=\"yes\" data-slider-autoplay-speed=\"3000\" data-slider-draggable=\"yes\" data-slider-infinite-scroll=\"yes\" data-slider-adaptative-height=\"\" data-slider-fullscreen=\"\" data-slider-fade=\"yes\" data-slider-as-nav-for=\"yes\">\n\n\t\t\t<div class=\"borderless-elementor-slider borderless-elementor-arrows-position-inside borderless-elementor-dots-position-inside\">\n\n\t\t\t\t\n\t\t\t\t\t\t<div class=\"borderless-elementor-slide  elementor-repeater-item-2911aa0 \">\n\n\t\t\t\t\t\t\t<div class=\"borderless-elementor-slide-background-overlay\">\n\n\t\t\t\t\t\t\t\t<div class=\"borderless-elementor-slide-content\">\n\n\t\t\t\t\t\t\t\t\t<div class=\"borderless-elementor-slide-content-inner\">\n\n\t\t\t\t\t\t\t\t\t\t\n\t\t\t\t\t\t\t\t\t\t\t\t\t\t\t\t\t\t\t\t\n\t\t\t\t\t\t\t\t\t\t\n\t\t\t\t\t\t\t\t\t<\/div>\n\n\t\t\t\t\t\t\t\t<\/div>\n\t\t\t\t\t\t\t\t\n\t\t\t\t\t\t\t<\/div>\n\n\t\t\t\t\t\t<\/div>\n\n\t\t\t\t\t\n\t\t\t\t\t\t<div class=\"borderless-elementor-slide  elementor-repeater-item-ce1dd6f \">\n\n\t\t\t\t\t\t\t<div class=\"borderless-elementor-slide-background-overlay\">\n\n\t\t\t\t\t\t\t\t<div class=\"borderless-elementor-slide-content\">\n\n\t\t\t\t\t\t\t\t\t<div class=\"borderless-elementor-slide-content-inner\">\n\n\t\t\t\t\t\t\t\t\t\t\n\t\t\t\t\t\t\t\t\t\t\t\t\t\t\t\t\t\t\t\t\n\t\t\t\t\t\t\t\t\t\t\n\t\t\t\t\t\t\t\t\t<\/div>\n\n\t\t\t\t\t\t\t\t<\/div>\n\t\t\t\t\t\t\t\t\n\t\t\t\t\t\t\t<\/div>\n\n\t\t\t\t\t\t<\/div>\n\n\t\t\t\t\t\n\t\t\t\t\t\t<div class=\"borderless-elementor-slide  elementor-repeater-item-5170a29 \">\n\n\t\t\t\t\t\t\t<div class=\"borderless-elementor-slide-background-overlay\">\n\n\t\t\t\t\t\t\t\t<div class=\"borderless-elementor-slide-content\">\n\n\t\t\t\t\t\t\t\t\t<div class=\"borderless-elementor-slide-content-inner\">\n\n\t\t\t\t\t\t\t\t\t\t\n\t\t\t\t\t\t\t\t\t\t\t\t\t\t\t\t\t\t\t\t\n\t\t\t\t\t\t\t\t\t\t\n\t\t\t\t\t\t\t\t\t<\/div>\n\n\t\t\t\t\t\t\t\t<\/div>\n\t\t\t\t\t\t\t\t\n\t\t\t\t\t\t\t<\/div>\n\n\t\t\t\t\t\t<\/div>\n\n\t\t\t\t\t\n\t\t\t\t\t\t<div class=\"borderless-elementor-slide  elementor-repeater-item-07a2363 \">\n\n\t\t\t\t\t\t\t<div class=\"borderless-elementor-slide-background-overlay\">\n\n\t\t\t\t\t\t\t\t<div class=\"borderless-elementor-slide-content\">\n\n\t\t\t\t\t\t\t\t\t<div class=\"borderless-elementor-slide-content-inner\">\n\n\t\t\t\t\t\t\t\t\t\t\n\t\t\t\t\t\t\t\t\t\t\t\t\t\t\t\t\t\t\t\t\n\t\t\t\t\t\t\t\t\t\t\n\t\t\t\t\t\t\t\t\t<\/div>\n\n\t\t\t\t\t\t\t\t<\/div>\n\t\t\t\t\t\t\t\t\n\t\t\t\t\t\t\t<\/div>\n\n\t\t\t\t\t\t<\/div>\n\n\t\t\t\t\t\n\t\t\t\t\t\t<div class=\"borderless-elementor-slide  elementor-repeater-item-08356f7 \">\n\n\t\t\t\t\t\t\t<div class=\"borderless-elementor-slide-background-overlay\">\n\n\t\t\t\t\t\t\t\t<div class=\"borderless-elementor-slide-content\">\n\n\t\t\t\t\t\t\t\t\t<div class=\"borderless-elementor-slide-content-inner\">\n\n\t\t\t\t\t\t\t\t\t\t\n\t\t\t\t\t\t\t\t\t\t\t\t\t\t\t\t\t\t\t\t\n\t\t\t\t\t\t\t\t\t\t\n\t\t\t\t\t\t\t\t\t<\/div>\n\n\t\t\t\t\t\t\t\t<\/div>\n\t\t\t\t\t\t\t\t\n\t\t\t\t\t\t\t<\/div>\n\n\t\t\t\t\t\t<\/div>\n\n\t\t\t\t\t\n\t\t\t\t\t\t<div class=\"borderless-elementor-slide  elementor-repeater-item-2615172 \">\n\n\t\t\t\t\t\t\t<div class=\"borderless-elementor-slide-background-overlay\">\n\n\t\t\t\t\t\t\t\t<div class=\"borderless-elementor-slide-content\">\n\n\t\t\t\t\t\t\t\t\t<div class=\"borderless-elementor-slide-content-inner\">\n\n\t\t\t\t\t\t\t\t\t\t\n\t\t\t\t\t\t\t\t\t\t\t\t\t\t\t\t\t\t\t\t\n\t\t\t\t\t\t\t\t\t\t\n\t\t\t\t\t\t\t\t\t<\/div>\n\n\t\t\t\t\t\t\t\t<\/div>\n\t\t\t\t\t\t\t\t\n\t\t\t\t\t\t\t<\/div>\n\n\t\t\t\t\t\t<\/div>\n\n\t\t\t\t\t\n\t\t\t\t\t\t<div class=\"borderless-elementor-slide  elementor-repeater-item-5f2a8c6 \">\n\n\t\t\t\t\t\t\t<div class=\"borderless-elementor-slide-background-overlay\">\n\n\t\t\t\t\t\t\t\t<div class=\"borderless-elementor-slide-content\">\n\n\t\t\t\t\t\t\t\t\t<div class=\"borderless-elementor-slide-content-inner\">\n\n\t\t\t\t\t\t\t\t\t\t\n\t\t\t\t\t\t\t\t\t\t\t\t\t\t\t\t\t\t\t\t\n\t\t\t\t\t\t\t\t\t\t\n\t\t\t\t\t\t\t\t\t<\/div>\n\n\t\t\t\t\t\t\t\t<\/div>\n\t\t\t\t\t\t\t\t\n\t\t\t\t\t\t\t<\/div>\n\n\t\t\t\t\t\t<\/div>\n\n\t\t\t\t\t\n\t\t\t\t\t\t<div class=\"borderless-elementor-slide  elementor-repeater-item-1c5803f \">\n\n\t\t\t\t\t\t\t<div class=\"borderless-elementor-slide-background-overlay\">\n\n\t\t\t\t\t\t\t\t<div class=\"borderless-elementor-slide-content\">\n\n\t\t\t\t\t\t\t\t\t<div class=\"borderless-elementor-slide-content-inner\">\n\n\t\t\t\t\t\t\t\t\t\t\n\t\t\t\t\t\t\t\t\t\t\t\t\t\t\t\t\t\t\t\t\n\t\t\t\t\t\t\t\t\t\t\n\t\t\t\t\t\t\t\t\t<\/div>\n\n\t\t\t\t\t\t\t\t<\/div>\n\t\t\t\t\t\t\t\t\n\t\t\t\t\t\t\t<\/div>\n\n\t\t\t\t\t\t<\/div>\n\n\t\t\t\t\t\n\t\t\t\t\t\t<div class=\"borderless-elementor-slide  elementor-repeater-item-96e0c8f \">\n\n\t\t\t\t\t\t\t<div class=\"borderless-elementor-slide-background-overlay\">\n\n\t\t\t\t\t\t\t\t<div class=\"borderless-elementor-slide-content\">\n\n\t\t\t\t\t\t\t\t\t<div class=\"borderless-elementor-slide-content-inner\">\n\n\t\t\t\t\t\t\t\t\t\t\n\t\t\t\t\t\t\t\t\t\t\t\t\t\t\t\t\t\t\t\t\n\t\t\t\t\t\t\t\t\t\t\n\t\t\t\t\t\t\t\t\t<\/div>\n\n\t\t\t\t\t\t\t\t<\/div>\n\t\t\t\t\t\t\t\t\n\t\t\t\t\t\t\t<\/div>\n\n\t\t\t\t\t\t<\/div>\n\n\t\t\t\t\t\n\t\t\t\t\t\t<div class=\"borderless-elementor-slide  elementor-repeater-item-013e516 \">\n\n\t\t\t\t\t\t\t<div class=\"borderless-elementor-slide-background-overlay\">\n\n\t\t\t\t\t\t\t\t<div class=\"borderless-elementor-slide-content\">\n\n\t\t\t\t\t\t\t\t\t<div class=\"borderless-elementor-slide-content-inner\">\n\n\t\t\t\t\t\t\t\t\t\t\n\t\t\t\t\t\t\t\t\t\t\t\t\t\t\t\t\t\t\t\t\n\t\t\t\t\t\t\t\t\t\t\n\t\t\t\t\t\t\t\t\t<\/div>\n\n\t\t\t\t\t\t\t\t<\/div>\n\t\t\t\t\t\t\t\t\n\t\t\t\t\t\t\t<\/div>\n\n\t\t\t\t\t\t<\/div>\n\n\t\t\t\t\t\n\t\t\t\t\t\t<div class=\"borderless-elementor-slide  elementor-repeater-item-09e1024 \">\n\n\t\t\t\t\t\t\t<div class=\"borderless-elementor-slide-background-overlay\">\n\n\t\t\t\t\t\t\t\t<div class=\"borderless-elementor-slide-content\">\n\n\t\t\t\t\t\t\t\t\t<div class=\"borderless-elementor-slide-content-inner\">\n\n\t\t\t\t\t\t\t\t\t\t\n\t\t\t\t\t\t\t\t\t\t\t\t\t\t\t\t\t\t\t\t\n\t\t\t\t\t\t\t\t\t\t\n\t\t\t\t\t\t\t\t\t<\/div>\n\n\t\t\t\t\t\t\t\t<\/div>\n\t\t\t\t\t\t\t\t\n\t\t\t\t\t\t\t<\/div>\n\n\t\t\t\t\t\t<\/div>\n\n\t\t\t\t\t\n\t\t\t\t\t\t<div class=\"borderless-elementor-slide  elementor-repeater-item-a2ce3ff \">\n\n\t\t\t\t\t\t\t<div class=\"borderless-elementor-slide-background-overlay\">\n\n\t\t\t\t\t\t\t\t<div class=\"borderless-elementor-slide-content\">\n\n\t\t\t\t\t\t\t\t\t<div class=\"borderless-elementor-slide-content-inner\">\n\n\t\t\t\t\t\t\t\t\t\t\n\t\t\t\t\t\t\t\t\t\t\t\t\t\t\t\t\t\t\t\t\n\t\t\t\t\t\t\t\t\t\t\n\t\t\t\t\t\t\t\t\t<\/div>\n\n\t\t\t\t\t\t\t\t<\/div>\n\t\t\t\t\t\t\t\t\n\t\t\t\t\t\t\t<\/div>\n\n\t\t\t\t\t\t<\/div>\n\n\t\t\t\t\t\n\t\t\t\t\t\t<div class=\"borderless-elementor-slide  elementor-repeater-item-dd8126a \">\n\n\t\t\t\t\t\t\t<div class=\"borderless-elementor-slide-background-overlay\">\n\n\t\t\t\t\t\t\t\t<div class=\"borderless-elementor-slide-content\">\n\n\t\t\t\t\t\t\t\t\t<div class=\"borderless-elementor-slide-content-inner\">\n\n\t\t\t\t\t\t\t\t\t\t\n\t\t\t\t\t\t\t\t\t\t\t\t\t\t\t\t\t\t\t\t\n\t\t\t\t\t\t\t\t\t\t\n\t\t\t\t\t\t\t\t\t<\/div>\n\n\t\t\t\t\t\t\t\t<\/div>\n\t\t\t\t\t\t\t\t\n\t\t\t\t\t\t\t<\/div>\n\n\t\t\t\t\t\t<\/div>\n\n\t\t\t\t\t\n\t\t\t\t\t\t<div class=\"borderless-elementor-slide  elementor-repeater-item-39822cd \">\n\n\t\t\t\t\t\t\t<div class=\"borderless-elementor-slide-background-overlay\">\n\n\t\t\t\t\t\t\t\t<div class=\"borderless-elementor-slide-content\">\n\n\t\t\t\t\t\t\t\t\t<div class=\"borderless-elementor-slide-content-inner\">\n\n\t\t\t\t\t\t\t\t\t\t\n\t\t\t\t\t\t\t\t\t\t\t\t\t\t\t\t\t\t\t\t\n\t\t\t\t\t\t\t\t\t\t\n\t\t\t\t\t\t\t\t\t<\/div>\n\n\t\t\t\t\t\t\t\t<\/div>\n\t\t\t\t\t\t\t\t\n\t\t\t\t\t\t\t<\/div>\n\n\t\t\t\t\t\t<\/div>\n\n\t\t\t\t\t\n\t\t\t\t\n\t\t\t<\/div>\n\n\t\t\t\n\t\t\t\t<div class=\"borderless-elementor-slider-nav\">\n\n\t\t\t\t\t\n\t\t\t\t\t\t\t<div class=\"borderless-elementor-slide elementor-repeater-item-2911aa0 \">\n\n\t\t\t\t\t\t\t\t<div class=\"borderless-elementor-slide-background-overlay\">\n\t\t\t\t\t\t\t\t<\/div>\n\n\t\t\t\t\t\t\t<\/div>\n\n\t\t\t\t\t\t\n\t\t\t\t\t\t\t<div class=\"borderless-elementor-slide elementor-repeater-item-ce1dd6f \">\n\n\t\t\t\t\t\t\t\t<div class=\"borderless-elementor-slide-background-overlay\">\n\t\t\t\t\t\t\t\t<\/div>\n\n\t\t\t\t\t\t\t<\/div>\n\n\t\t\t\t\t\t\n\t\t\t\t\t\t\t<div class=\"borderless-elementor-slide elementor-repeater-item-5170a29 \">\n\n\t\t\t\t\t\t\t\t<div class=\"borderless-elementor-slide-background-overlay\">\n\t\t\t\t\t\t\t\t<\/div>\n\n\t\t\t\t\t\t\t<\/div>\n\n\t\t\t\t\t\t\n\t\t\t\t\t\t\t<div class=\"borderless-elementor-slide elementor-repeater-item-07a2363 \">\n\n\t\t\t\t\t\t\t\t<div class=\"borderless-elementor-slide-background-overlay\">\n\t\t\t\t\t\t\t\t<\/div>\n\n\t\t\t\t\t\t\t<\/div>\n\n\t\t\t\t\t\t\n\t\t\t\t\t\t\t<div class=\"borderless-elementor-slide elementor-repeater-item-08356f7 \">\n\n\t\t\t\t\t\t\t\t<div class=\"borderless-elementor-slide-background-overlay\">\n\t\t\t\t\t\t\t\t<\/div>\n\n\t\t\t\t\t\t\t<\/div>\n\n\t\t\t\t\t\t\n\t\t\t\t\t\t\t<div class=\"borderless-elementor-slide elementor-repeater-item-2615172 \">\n\n\t\t\t\t\t\t\t\t<div class=\"borderless-elementor-slide-background-overlay\">\n\t\t\t\t\t\t\t\t<\/div>\n\n\t\t\t\t\t\t\t<\/div>\n\n\t\t\t\t\t\t\n\t\t\t\t\t\t\t<div class=\"borderless-elementor-slide elementor-repeater-item-5f2a8c6 \">\n\n\t\t\t\t\t\t\t\t<div class=\"borderless-elementor-slide-background-overlay\">\n\t\t\t\t\t\t\t\t<\/div>\n\n\t\t\t\t\t\t\t<\/div>\n\n\t\t\t\t\t\t\n\t\t\t\t\t\t\t<div class=\"borderless-elementor-slide elementor-repeater-item-1c5803f \">\n\n\t\t\t\t\t\t\t\t<div class=\"borderless-elementor-slide-background-overlay\">\n\t\t\t\t\t\t\t\t<\/div>\n\n\t\t\t\t\t\t\t<\/div>\n\n\t\t\t\t\t\t\n\t\t\t\t\t\t\t<div class=\"borderless-elementor-slide elementor-repeater-item-96e0c8f \">\n\n\t\t\t\t\t\t\t\t<div class=\"borderless-elementor-slide-background-overlay\">\n\t\t\t\t\t\t\t\t<\/div>\n\n\t\t\t\t\t\t\t<\/div>\n\n\t\t\t\t\t\t\n\t\t\t\t\t\t\t<div class=\"borderless-elementor-slide elementor-repeater-item-013e516 \">\n\n\t\t\t\t\t\t\t\t<div class=\"borderless-elementor-slide-background-overlay\">\n\t\t\t\t\t\t\t\t<\/div>\n\n\t\t\t\t\t\t\t<\/div>\n\n\t\t\t\t\t\t\n\t\t\t\t\t\t\t<div class=\"borderless-elementor-slide elementor-repeater-item-09e1024 \">\n\n\t\t\t\t\t\t\t\t<div class=\"borderless-elementor-slide-background-overlay\">\n\t\t\t\t\t\t\t\t<\/div>\n\n\t\t\t\t\t\t\t<\/div>\n\n\t\t\t\t\t\t\n\t\t\t\t\t\t\t<div class=\"borderless-elementor-slide elementor-repeater-item-a2ce3ff \">\n\n\t\t\t\t\t\t\t\t<div class=\"borderless-elementor-slide-background-overlay\">\n\t\t\t\t\t\t\t\t<\/div>\n\n\t\t\t\t\t\t\t<\/div>\n\n\t\t\t\t\t\t\n\t\t\t\t\t\t\t<div class=\"borderless-elementor-slide elementor-repeater-item-dd8126a \">\n\n\t\t\t\t\t\t\t\t<div class=\"borderless-elementor-slide-background-overlay\">\n\t\t\t\t\t\t\t\t<\/div>\n\n\t\t\t\t\t\t\t<\/div>\n\n\t\t\t\t\t\t\n\t\t\t\t\t\t\t<div class=\"borderless-elementor-slide elementor-repeater-item-39822cd \">\n\n\t\t\t\t\t\t\t\t<div class=\"borderless-elementor-slide-background-overlay\">\n\t\t\t\t\t\t\t\t<\/div>\n\n\t\t\t\t\t\t\t<\/div>\n\n\t\t\t\t\t\t\n\t\t\t\t\t\n\t\t\t\t<\/div>\n\n\t\t\t\n\t\t<\/div>\n\n\t\t\t\t\t\t<\/div>\n\t\t\t\t<\/div>\n\t\t\t\t\t<\/div>\n\t\t<\/div>\n\t\t\t\t\t<\/div>\n\t\t<\/section>\n\t\t\t\t<\/div>\n\t\t","protected":false},"excerpt":{"rendered":"<p>Sp\u00f3\u0142dzielnia &#8222;K\u0119t-Rol&#8221; w K\u0119tach (pow. o\u015bwi\u0119cimski) og\u0142asza sprzeda nieruchomo\u015b\u0107 mieszcz\u0105c\u0105 si\u0119 w K\u0119tach przy ulicy Krakowskiej 96 a (dojazd r\u00f3wnie\u017c z ulicy Widok). Przedmiotem sprzeda\u017cy&hellip;<\/p>\n","protected":false},"author":1,"featured_media":0,"parent":0,"menu_order":0,"comment_status":"closed","ping_status":"closed","template":"","meta":{"footnotes":""},"class_list":["post-2084","page","type-page","status-publish","hentry"],"_links":{"self":[{"href":"https:\/\/ket-rol.com.pl\/portal\/wp-json\/wp\/v2\/pages\/2084","targetHints":{"allow":["GET"]}}],"collection":[{"href":"https:\/\/ket-rol.com.pl\/portal\/wp-json\/wp\/v2\/pages"}],"about":[{"href":"https:\/\/ket-rol.com.pl\/portal\/wp-json\/wp\/v2\/types\/page"}],"author":[{"embeddable":true,"href":"https:\/\/ket-rol.com.pl\/portal\/wp-json\/wp\/v2\/users\/1"}],"replies":[{"embeddable":true,"href":"https:\/\/ket-rol.com.pl\/portal\/wp-json\/wp\/v2\/comments?post=2084"}],"version-history":[{"count":7,"href":"https:\/\/ket-rol.com.pl\/portal\/wp-json\/wp\/v2\/pages\/2084\/revisions"}],"predecessor-version":[{"id":2120,"href":"https:\/\/ket-rol.com.pl\/portal\/wp-json\/wp\/v2\/pages\/2084\/revisions\/2120"}],"wp:attachment":[{"href":"https:\/\/ket-rol.com.pl\/portal\/wp-json\/wp\/v2\/media?parent=2084"}],"curies":[{"name":"wp","href":"https:\/\/api.w.org\/{rel}","templated":true}]}}