{"id":82,"date":"2022-06-04T08:45:19","date_gmt":"2022-06-04T08:45:19","guid":{"rendered":"http:\/\/ket-rol.com.pl\/portal\/?page_id=82"},"modified":"2025-07-08T05:20:37","modified_gmt":"2025-07-08T05:20:37","slug":"historia","status":"publish","type":"page","link":"https:\/\/ket-rol.com.pl\/portal\/historia\/","title":{"rendered":"Historia"},"content":{"rendered":"\t\t<div data-elementor-type=\"wp-page\" data-elementor-id=\"82\" class=\"elementor elementor-82\">\n\t\t\t\t\t\t<section class=\"elementor-section elementor-top-section elementor-element elementor-element-ea8b153 elementor-section-boxed elementor-section-height-default elementor-section-height-default\" data-id=\"ea8b153\" data-element_type=\"section\" data-e-type=\"section\">\n\t\t\t\t\t\t<div class=\"elementor-container elementor-column-gap-default\">\n\t\t\t\t\t<div class=\"elementor-column elementor-col-100 elementor-top-column elementor-element elementor-element-26dc291\" data-id=\"26dc291\" data-element_type=\"column\" data-e-type=\"column\">\n\t\t\t<div class=\"elementor-widget-wrap elementor-element-populated\">\n\t\t\t\t\t\t<div class=\"elementor-element elementor-element-f4e1584 elementor-widget elementor-widget-timeline-widget-addon\" data-id=\"f4e1584\" data-element_type=\"widget\" data-e-type=\"widget\" data-widget_type=\"timeline-widget-addon.default\">\n\t\t\t\t<div class=\"elementor-widget-container\">\n\t\t\t\t\t<!-- ========= Timeline Widget Addon For Elementor 1.6.24 ========= -->\n<div id=\"twae-wrapper-f4e1584\" class=\"twae-vertical twae-wrapper  twae-both-sided\">   \n    <div class=\"twae-start\"><\/div>    \n    <div id=\"twea-timeline-f4e1584\" class=\"twae-timeline\" ><!-- Story Year Label --><div class=\"twae-year twae-year-container story-year-5c1848c\">\n\t\t\t\t\t<div class=\"twae-year-label twae-year-text\">1973<\/div>\n\t\t\t\t<\/div><!-- Start of Story Repeater Content --><div id=\"story-5c1848c\" class=\"twae-story twae-repeater-item twae-story-right twae-story-no-icon\"><!-- Story Label --><div class=\"twae-labels\"><div class=\"twae-label-small\">Powstanie Sp\u00f3\u0142dzielni<\/div><\/div><!-- Story Icon --><div class=\"twae-icon\"><\/div><!-- Story Arrow --><div class=\"twae-arrow\"><\/div><!-- Start of Story Content --><div class=\"twae-content\"><!-- Story Description --><div class=\"twae-description\"><p><strong>Sp\u00f3\u0142dzielnia Us\u0142ug i Produkcji\u00a0 \u201eK\u0119t-Rol\u201d<\/strong>\u00a0w K\u0119tach\u00a0powsta\u0142a 16 kwietnia 1973 roku pod nazw\u0105 Sp\u00f3\u0142dzielnia K\u00f3\u0142ek Rolniczych w K\u0119tach.<\/p><\/div><\/div><\/div><!-- Start of Story Repeater Content --><div id=\"story-bac39d6\" class=\"twae-story twae-repeater-item twae-story-left twae-story-no-icon\"><!-- Story Label --><div class=\"twae-labels\"><div class=\"twae-label-small\">Zebranie za\u0142o\u017cycielskie<\/div><\/div><!-- Story Icon --><div class=\"twae-icon\"><\/div><!-- Story Arrow --><div class=\"twae-arrow\"><\/div><!-- Start of Story Content --><div class=\"twae-content\"><!-- Story Description --><div class=\"twae-description\"><div>Na zebraniu za\u0142o\u017cycielskim w dn. 28.02.1973 roku pe\u0142nomocnicy K\u00f3\u0142ek Rolniczych\u00a0 Bielan, Bulowic, K\u0119t, Malca, Nowej Wsi, \u0141\u0119k i Witkowic podj\u0119li uchwa\u0142\u0119 o powstaniu Sp\u00f3\u0142dzielni, wybrali pierwsze\u00a0 jej w\u0142adze uchwalili statut oraz Regulaminy Walnego Zgromadzenia, Rady i Zarz\u0105du Sp\u00f3\u0142dzielni.<\/div><div>\u00a0<\/div><\/div><\/div><\/div><!-- Start of Story Repeater Content --><div id=\"story-f79855b\" class=\"twae-story twae-repeater-item twae-story-right twae-story-no-icon\"><!-- Story Label --><div class=\"twae-labels\"><div class=\"twae-label-small\">Przekazanie filii POM Jawiszowice<\/div><\/div><!-- Story Icon --><div class=\"twae-icon\"><\/div><!-- Story Arrow --><div class=\"twae-arrow\"><\/div><!-- Start of Story Content --><div class=\"twae-content\"><!-- Story Description --><div class=\"twae-description\"><p>W dniu 17.04.1973r. zosta\u0142a przekazana do Sp\u00f3\u0142dzielni filia POM Jawiszowice. Sp\u00f3\u0142dzielnia dzia\u0142a\u0142a na bazie maj\u0105tku wniesionego do Sp\u00f3\u0142dzielni przez za\u0142o\u017cycieli dysponuj\u0105c w 1973 r. maj\u0105tkiem trwa\u0142ym o warto\u015bci 21.963 tys.z\u0142.<\/p><\/div><\/div><\/div><!-- Start of Story Repeater Content --><div id=\"story-f6d3a4b\" class=\"twae-story twae-repeater-item twae-story-left twae-story-no-icon\"><!-- Story Label --><div class=\"twae-labels\"><div class=\"twae-label-small\">Inwestycje<\/div><\/div><!-- Story Icon --><div class=\"twae-icon\"><\/div><!-- Story Arrow --><div class=\"twae-arrow\"><\/div><!-- Start of Story Content --><div class=\"twae-content\"><!-- Story Description --><div class=\"twae-description\"><p>W\u0142adze Sp\u00f3\u0142dzielni od pocz\u0105tku jej istnienia przyst\u0105pi\u0142y do szeroko zakrojonych inwestycji na bazach\u00a0 k\u00f3\u0142ek rolniczych. Rozpocz\u0119to budow\u0119 budynku socjalno-warsztatowego w Bulowicach, modernizacj\u0119 oraz budow\u0119 wiaty w K\u0119tach\u00a0i modernizacj\u0119 pomieszcze\u0144 w Nowej Wsi.<\/p><\/div><\/div><\/div><!-- Start of Story Repeater Content --><div id=\"story-186cccf\" class=\"twae-story twae-repeater-item twae-story-right twae-story-no-icon\"><!-- Story Label --><div class=\"twae-labels\"><div class=\"twae-label-small\">Dalsza rozbudowa<\/div><\/div><!-- Story Icon --><div class=\"twae-icon\"><\/div><!-- Story Arrow --><div class=\"twae-arrow\"><\/div><!-- Start of Story Content --><div class=\"twae-content\"><!-- Story Description --><div class=\"twae-description\"><p>W latach nast\u0119pnych rozpocz\u0119to budow\u0119 budynku socjalno-warsztatowego w Malcu oraz modernizacj\u0119 budynku w Witkowicach.<br \/>Znacz\u0105c\u0105 w dzia\u0142alno\u015bci Sp\u00f3\u0142dzielni by\u0142a decyzja o rozpocz\u0119ciu\u00a0inwestycji pn. \u201eRozbudowa Bazy G\u0142\u00f3wnej SKR\u201d oraz budowa magazynu cz\u0119\u015bci zamiennych\u00a0w bazie SKR.<\/p><\/div><\/div><\/div><!-- Story Year Label --><div class=\"twae-year twae-year-container story-year-695afe8\">\n\t\t\t\t\t<div class=\"twae-year-label twae-year-text\">1984<\/div>\n\t\t\t\t<\/div><!-- Start of Story Repeater Content --><div id=\"story-695afe8\" class=\"twae-story twae-repeater-item twae-story-left twae-story-no-icon\"><!-- Story Label --><div class=\"twae-labels\"><div class=\"twae-label-small\">Koncentracja finans\u00f3w<\/div><\/div><!-- Story Icon --><div class=\"twae-icon\"><\/div><!-- Story Arrow --><div class=\"twae-arrow\"><\/div><!-- Start of Story Content --><div class=\"twae-content\"><!-- Story Description --><div class=\"twae-description\"><p>Rozpocz\u0105\u0142 si\u0119 okres koncentracji finans\u00f3w Sp\u00f3\u0142dzielni nad rozbudow\u0105 bazy przy jednoczesnym uzupe\u0142nianiu zakup\u00f3w parku traktorowo-maszynowego. W latach 1984-1985 zosta\u0142a zako\u0144czona inwestycja\u00a0 na bazie g\u0142\u00f3wnej w K\u0119tach.<\/p><\/div><\/div><\/div><!-- Start of Story Repeater Content --><div id=\"story-b752af5\" class=\"twae-story twae-repeater-item twae-story-right twae-story-no-icon\"><!-- Story Label --><div class=\"twae-labels\"><div class=\"twae-label-small\">Rozszerzenie wsp\u00f3\u0142pracy<\/div><\/div><!-- Story Icon --><div class=\"twae-icon\"><\/div><!-- Story Arrow --><div class=\"twae-arrow\"><\/div><!-- Start of Story Content --><div class=\"twae-content\"><!-- Story Description --><div class=\"twae-description\"><p>Wysi\u0142ki Zarz\u0105du Sp\u00f3\u0142dzielni skoncentrowane\u00a0 by\u0142y na zagospodarowaniu powierzchni warsztatowej. Sp\u00f3\u0142dzielnia prowadzi\u0142a kooperacj\u0119 z WSW Andrych\u00f3w, WSK Mielec, Agrom\u0105 i Polmozbytem.<\/p><\/div><\/div><\/div><!-- Story Year Label --><div class=\"twae-year twae-year-container story-year-1ad6053\">\n\t\t\t\t\t<div class=\"twae-year-label twae-year-text\">1985<\/div>\n\t\t\t\t<\/div><!-- Start of Story Repeater Content --><div id=\"story-1ad6053\" class=\"twae-story twae-repeater-item twae-story-left twae-story-no-icon\"><!-- Story Label --><div class=\"twae-labels\"><div class=\"twae-label-small\">Uruchomienie Stacji Kontroli Pojazd\u00f3w<\/div><\/div><!-- Story Icon --><div class=\"twae-icon\"><\/div><!-- Story Arrow --><div class=\"twae-arrow\"><\/div><!-- Start of Story Content --><div class=\"twae-content\"><!-- Story Description --><div class=\"twae-description\"><p>W roku 1985 uruchomiono stacj\u0119 kontroli pojazd\u00f3w, kt\u00f3ra do dnia dzisiejszego stanowi wa\u017cny dzia\u0142 gospodarki naszej Sp\u00f3\u0142dzielni.<\/p><\/div><\/div><\/div><!-- Story Year Label --><div class=\"twae-year twae-year-container story-year-5e5fbc2\">\n\t\t\t\t\t<div class=\"twae-year-label twae-year-text\">1989<\/div>\n\t\t\t\t<\/div><!-- Start of Story Repeater Content --><div id=\"story-5e5fbc2\" class=\"twae-story twae-repeater-item twae-story-right twae-story-no-icon\"><!-- Story Label --><div class=\"twae-labels\"><div class=\"twae-label-small\">Nowi cz\u0142onokowie<\/div><\/div><!-- Story Icon --><div class=\"twae-icon\"><\/div><!-- Story Arrow --><div class=\"twae-arrow\"><\/div><!-- Start of Story Content --><div class=\"twae-content\"><!-- Story Description --><div class=\"twae-description\"><p>W roku 1989 w poczet cz\u0142onk\u00f3w Sp\u00f3\u0142dzielni przyj\u0119to cz\u0142onk\u00f3w fizycznych b\u0119d\u0105cych pracownikami Sp\u00f3\u0142dzielni. By\u0142a to prze\u0142omowa decyzja, kt\u00f3ra pozwoli\u0142a na przetrwanie p\u00f3\u017aniejszych\u00a0coraz trudniejszych okres\u00f3w.<\/p><\/div><\/div><\/div><!-- Story Year Label --><div class=\"twae-year twae-year-container story-year-c8b67c3\">\n\t\t\t\t\t<div class=\"twae-year-label twae-year-text\">1990<\/div>\n\t\t\t\t<\/div><!-- Start of Story Repeater Content --><div id=\"story-c8b67c3\" class=\"twae-story twae-repeater-item twae-story-left twae-story-no-icon\"><!-- Story Label --><div class=\"twae-labels\"><div class=\"twae-label-small\">Trudne czasy<\/div><\/div><!-- Story Icon --><div class=\"twae-icon\"><\/div><!-- Story Arrow --><div class=\"twae-arrow\"><\/div><!-- Start of Story Content --><div class=\"twae-content\"><!-- Story Description --><div class=\"twae-description\"><p>Zmiany ustrojowe jak i gospodarcze w naszym kraju na pocz\u0105tku lat dziewi\u0119\u0107dziesi\u0105tych postawi\u0142y przed wieloma Sp\u00f3\u0142dzielniami K\u00f3\u0142ek Rolniczych znak zapytania. Dzi\u0119ki rozs\u0105dkowi\u00a0 organ\u00f3w samorz\u0105dowych\u00a0oraz za\u0142ogi Sp\u00f3\u0142dzielni uda\u0142o si\u0119 przetrwa\u0107 najtrudniejsze okresy.<\/p><\/div><\/div><\/div><!-- Story Year Label --><div class=\"twae-year twae-year-container story-year-874bd83\">\n\t\t\t\t\t<div class=\"twae-year-label twae-year-text\">1999<\/div>\n\t\t\t\t<\/div><!-- Start of Story Repeater Content --><div id=\"story-874bd83\" class=\"twae-story twae-repeater-item twae-story-right twae-story-no-icon\"><!-- Story Label --><div class=\"twae-labels\"><div class=\"twae-label-small\">Zmiana nazwy<\/div><\/div><!-- Story Icon --><div class=\"twae-icon\"><\/div><!-- Story Arrow --><div class=\"twae-arrow\"><\/div><!-- Start of Story Content --><div class=\"twae-content\"><!-- Story Description --><div class=\"twae-description\"><p>W dniu 22.04.1999 r. uchwa\u0142\u0105 Walnego Zgromadzenia Sp\u00f3\u0142dzielnielni zosta\u0142a zmieniona nazwa Sp\u00f3\u0142dzielni K\u00f3\u0142ek Rolniczych w K\u0119tach na Sp\u00f3\u0142dzielni\u0119 Us\u0142ug i Produkcji \u201eK\u0119t-Rol\u201d w K\u0119tach.<\/p><\/div><\/div><\/div><!-- Story Year Label --><div class=\"twae-year twae-year-container story-year-b9a625b\">\n\t\t\t\t\t<div class=\"twae-year-label twae-year-text\">2019<\/div>\n\t\t\t\t<\/div><!-- Start of Story Repeater Content --><div id=\"story-b9a625b\" class=\"twae-story twae-repeater-item twae-story-left twae-story-no-icon\"><!-- Story Label --><div class=\"twae-labels\"><div class=\"twae-label-small\">Rozszerzenie dzia\u0142alno\u015bci<\/div><\/div><!-- Story Icon --><div class=\"twae-icon\"><\/div><!-- Story Arrow --><div class=\"twae-arrow\"><\/div><!-- Start of Story Content --><div class=\"twae-content\"><!-- Story Description --><div class=\"twae-description\"><p>Zakup nowoczesnej beczki asenizacyjnej na szerokich ko\u0142ach<\/p><\/div><\/div><\/div><!-- Story Year Label --><div class=\"twae-year twae-year-container story-year-682a761\">\n\t\t\t\t\t<div class=\"twae-year-label twae-year-text\">2023<\/div>\n\t\t\t\t<\/div><!-- Start of Story Repeater Content --><div id=\"story-682a761\" class=\"twae-story twae-repeater-item twae-story-right twae-story-no-icon\"><!-- Story Label --><div class=\"twae-labels\"><div class=\"twae-label-small\">Jubileusz<\/div><\/div><!-- Story Icon --><div class=\"twae-icon\"><\/div><!-- Story Arrow --><div class=\"twae-arrow\"><\/div><!-- Start of Story Content --><div class=\"twae-content\"><!-- Story Description --><div class=\"twae-description\"><p>Sp\u00f3\u0142dzielnia obchodzi Jubileusz 50 lat dzia\u0142alno\u015bci<\/p><\/div><\/div><\/div><!-- Story Year Label --><div class=\"twae-year twae-year-container story-year-09cfadb\">\n\t\t\t\t\t<div class=\"twae-year-label twae-year-text\">2024<\/div>\n\t\t\t\t<\/div><!-- Start of Story Repeater Content --><div id=\"story-09cfadb\" class=\"twae-story twae-repeater-item twae-story-left twae-story-no-icon\"><!-- Story Label --><div class=\"twae-labels\"><div class=\"twae-label-small\">Modernizacja<\/div><\/div><!-- Story Icon --><div class=\"twae-icon\"><\/div><!-- Story Arrow --><div class=\"twae-arrow\"><\/div><!-- Start of Story Content --><div class=\"twae-content\"><!-- Story Description --><div class=\"twae-description\"><p>Sp\u00f3\u0142dzielnia swoimi \u015brodkami zmodernizowa\u0142a system grzewczy, stajemy si\u0119 ekologiczni dla \u015brodowiska<\/p><\/div><\/div><\/div><!-- Start of Story Repeater Content --><div id=\"story-7767a28\" class=\"twae-story twae-repeater-item twae-story-right twae-story-no-icon\"><!-- Story Label --><div class=\"twae-labels\"><div class=\"twae-label-small\">Czasy obecne<\/div><\/div><!-- Story Icon --><div class=\"twae-icon\"><\/div><!-- Story Arrow --><div class=\"twae-arrow\"><\/div><!-- Start of Story Content --><div class=\"twae-content\"><!-- Story Description --><div class=\"twae-description\"><p>Obecnie Sp\u00f3\u0142dzielnia zatrudnia 20 os\u00f3b\u00a0<br \/>i prowadzi dzia\u0142alno\u015b\u0107 w zakresie:\u00a0<br \/>1) prac polowych i wywozu \u015bciek\u00f3w w ramach\u00a0<br \/>Zak\u0142adu Us\u0142ug Mechanizacyjnych,<br \/>2) prac spawalniczych i obr\u00f3bki metalu w ramach\u00a0<br \/>Zak\u0142adu Us\u0142ug Warsztatowych.<\/p>\n<p>Sp\u00f3\u0142dzielnia\u00a0 posiada Okr\u0119gow\u0105 Stacj\u0119 Kontroli Pojazd\u00f3w\u00a0KOS 006 oraz\u00a0 og\u00f3lnodost\u0119pn\u0105\u00a0 Stacj\u0119 Paliw\u00a0 ze sprzeda\u017c\u0105 benzyny i oleju nap\u0119dowego jak r\u00f3wnie\u017c akcesori\u00f3w samochodowych.<\/p>\n<p>W zwi\u0105zku z du\u017c\u0105 ilo\u015bci\u0105 niewykorzystanych powierzchni w posiadanych nieruchomo\u015bciach\u00a0 w ostatnich latach Sp\u00f3\u0142dzielnia prowadzi r\u00f3wnie\u017c dzia\u0142alno\u015b\u0107 polegaj\u0105c\u0105 na wynajmowaniu zb\u0119dnych powierzchni biurowych, warsztatowych i magazynowych.<\/p><\/div><\/div><\/div><\/div>\n    <div class=\"twae-end\"><\/div>\n    <\/div><style type=\"text\/css\">@media (max-width: 1024px){ .twae-wrapper{--tw-ybx-size: 80px !important;}}@media (max-width: 767px){ .twae-wrapper{--tw-ybx-size: 80px !important}}<\/style>\t\t\t\t<\/div>\n\t\t\t\t<\/div>\n\t\t\t\t\t<\/div>\n\t\t<\/div>\n\t\t\t\t\t<\/div>\n\t\t<\/section>\n\t\t\t\t<\/div>\n\t\t","protected":false},"excerpt":{"rendered":"<p>1973 Powstanie Sp\u00f3\u0142dzielni Sp\u00f3\u0142dzielnia Us\u0142ug i Produkcji\u00a0 \u201eK\u0119t-Rol\u201d\u00a0w K\u0119tach\u00a0powsta\u0142a 16 kwietnia 1973 roku pod nazw\u0105 Sp\u00f3\u0142dzielnia K\u00f3\u0142ek Rolniczych w K\u0119tach. Zebranie za\u0142o\u017cycielskieNa zebraniu za\u0142o\u017cycielskim w&hellip;<\/p>\n","protected":false},"author":1,"featured_media":0,"parent":0,"menu_order":0,"comment_status":"closed","ping_status":"closed","template":"","meta":{"footnotes":""},"class_list":["post-82","page","type-page","status-publish","hentry"],"_links":{"self":[{"href":"https:\/\/ket-rol.com.pl\/portal\/wp-json\/wp\/v2\/pages\/82","targetHints":{"allow":["GET"]}}],"collection":[{"href":"https:\/\/ket-rol.com.pl\/portal\/wp-json\/wp\/v2\/pages"}],"about":[{"href":"https:\/\/ket-rol.com.pl\/portal\/wp-json\/wp\/v2\/types\/page"}],"author":[{"embeddable":true,"href":"https:\/\/ket-rol.com.pl\/portal\/wp-json\/wp\/v2\/users\/1"}],"replies":[{"embeddable":true,"href":"https:\/\/ket-rol.com.pl\/portal\/wp-json\/wp\/v2\/comments?post=82"}],"version-history":[{"count":90,"href":"https:\/\/ket-rol.com.pl\/portal\/wp-json\/wp\/v2\/pages\/82\/revisions"}],"predecessor-version":[{"id":1848,"href":"https:\/\/ket-rol.com.pl\/portal\/wp-json\/wp\/v2\/pages\/82\/revisions\/1848"}],"wp:attachment":[{"href":"https:\/\/ket-rol.com.pl\/portal\/wp-json\/wp\/v2\/media?parent=82"}],"curies":[{"name":"wp","href":"https:\/\/api.w.org\/{rel}","templated":true}]}}