{"id":86,"date":"2022-06-04T08:45:52","date_gmt":"2022-06-04T08:45:52","guid":{"rendered":"http:\/\/ket-rol.com.pl\/portal\/?page_id=86"},"modified":"2026-03-30T15:18:07","modified_gmt":"2026-03-30T15:18:07","slug":"kontakt","status":"publish","type":"page","link":"https:\/\/ket-rol.com.pl\/portal\/kontakt\/","title":{"rendered":"Kontakt"},"content":{"rendered":"\t\t<div data-elementor-type=\"wp-page\" data-elementor-id=\"86\" class=\"elementor elementor-86\">\n\t\t\t\t\t\t<section class=\"elementor-section elementor-top-section elementor-element elementor-element-7783268 elementor-section-boxed elementor-section-height-default elementor-section-height-default\" data-id=\"7783268\" data-element_type=\"section\" data-e-type=\"section\">\n\t\t\t\t\t\t<div class=\"elementor-container elementor-column-gap-default\">\n\t\t\t\t\t<div class=\"elementor-column elementor-col-50 elementor-top-column elementor-element elementor-element-30266ed6\" data-id=\"30266ed6\" data-element_type=\"column\" data-e-type=\"column\">\n\t\t\t<div class=\"elementor-widget-wrap elementor-element-populated\">\n\t\t\t\t\t\t<div class=\"elementor-element elementor-element-4efd58d3 elementor-widget elementor-widget-text-editor\" data-id=\"4efd58d3\" data-element_type=\"widget\" data-e-type=\"widget\" data-widget_type=\"text-editor.default\">\n\t\t\t\t<div class=\"elementor-widget-container\">\n\t\t\t\t\t\t\t\t\t<p><span style=\"font-size: 12pt;\"><\/span><\/p>\n<p><strong><span style=\"font-size: 12pt;\">Sp\u00f3\u0142dzielnia<\/span><span style=\"font-size: 12pt;\"> Us\u0142ug i Produkcji K\u0118T-ROL w K\u0119tach<br \/>ul. Krakowska 96a<br \/>32-650 K\u0119ty<\/span><\/strong><\/p>\n<p><span style=\"font-size: 12pt;\"><\/span><\/p>\n<p><span style=\"font-size: 12pt;\"><\/span><\/p>\n<p><span style=\"font-size: 12pt;\">tel: <a href=\"tel:338452894\" target=\"_blank\" rel=\"nofollow noopener noreferrer\">33 845 28 94<\/a><br \/>faks: 33 845 28 72<br \/>e-mail:\u00a0<a href=\"mailto:poczta@ket-rol.com.pl\">poczta@ket-rol.com.pl<\/a><br \/>adres skrytki ePUAP: \/KETROL\/domyslna<br \/><\/span><\/p>\n<p><span style=\"font-size: 12pt;\"><\/span><\/p>\n<p><span style=\"font-size: 12pt;\"><\/span><\/p>\n<p><span style=\"font-size: 12pt;\"><strong>NIP:<\/strong> 5490001379<br \/><\/span><span style=\"font-size: 12pt;\"><strong>REGON:<\/strong> 000461563<\/span><\/p>\n<p><span style=\"font-size: 12pt;\"><\/span><\/p>\n<p><span style=\"font-size: 12pt;\"><\/span><\/p>\n<p><span style=\"font-size: 12pt;\">Numer konta bankowego: <br \/>\u015al\u0105ski Bank Sp\u00f3\u0142dzielczy Silesia Katowice O\/K\u0119ty <br \/>30 8437 0002 0014 0720 0840 0001<\/span><\/p>\n<p><span style=\"font-size: 12pt;\">Kasa czynna w godzinach 7:30\u00f714:30 w budynku biurowym K\u0119t-Rol (1-pi\u0119tro). P\u0142atno\u015bci za wykonane us\u0142ugi mo\u017cna r\u00f3wnie\u017c dokona\u0107 na naszej Stacji Paliw.<br \/><\/span><\/p>\n<p><span style=\"font-size: 12pt;\"><\/span><\/p>\n<p><span style=\"font-size: 12pt;\"><\/span><\/p>\n<p><\/p>\t\t\t\t\t\t\t\t<\/div>\n\t\t\t\t<\/div>\n\t\t\t\t\t<\/div>\n\t\t<\/div>\n\t\t\t\t<div class=\"elementor-column elementor-col-50 elementor-top-column elementor-element elementor-element-25be00f\" data-id=\"25be00f\" data-element_type=\"column\" data-e-type=\"column\">\n\t\t\t<div class=\"elementor-widget-wrap elementor-element-populated\">\n\t\t\t\t\t\t<div class=\"elementor-element elementor-element-6cbcc49 elementor-widget elementor-widget-google_maps\" data-id=\"6cbcc49\" data-element_type=\"widget\" data-e-type=\"widget\" data-widget_type=\"google_maps.default\">\n\t\t\t\t<div class=\"elementor-widget-container\">\n\t\t\t\t\t\t\t<div class=\"elementor-custom-embed\">\n\t\t\t<iframe loading=\"lazy\"\n\t\t\t\t\tsrc=\"https:\/\/maps.google.com\/maps?q=K%C4%99ty%2C%20Krakowska%2096a&#038;t=m&#038;z=10&#038;output=embed&#038;iwloc=near\"\n\t\t\t\t\ttitle=\"K\u0119ty, Krakowska 96a\"\n\t\t\t\t\taria-label=\"K\u0119ty, Krakowska 96a\"\n\t\t\t><\/iframe>\n\t\t<\/div>\n\t\t\t\t\t\t<\/div>\n\t\t\t\t<\/div>\n\t\t\t\t\t<\/div>\n\t\t<\/div>\n\t\t\t\t\t<\/div>\n\t\t<\/section>\n\t\t\t\t<section class=\"elementor-section elementor-top-section elementor-element elementor-element-129a299 elementor-section-boxed elementor-section-height-default elementor-section-height-default\" data-id=\"129a299\" data-element_type=\"section\" data-e-type=\"section\">\n\t\t\t\t\t\t<div class=\"elementor-container elementor-column-gap-default\">\n\t\t\t\t\t<div class=\"elementor-column elementor-col-100 elementor-top-column elementor-element elementor-element-aa498fe\" data-id=\"aa498fe\" data-element_type=\"column\" data-e-type=\"column\">\n\t\t\t<div class=\"elementor-widget-wrap elementor-element-populated\">\n\t\t\t\t\t\t<div class=\"elementor-element elementor-element-b482008 elementor-widget elementor-widget-image\" data-id=\"b482008\" data-element_type=\"widget\" data-e-type=\"widget\" data-widget_type=\"image.default\">\n\t\t\t\t<div class=\"elementor-widget-container\">\n\t\t\t\t\t\t\t\t\t\t\t\t\t\t\t<img decoding=\"async\" width=\"300\" height=\"143\" src=\"https:\/\/ket-rol.com.pl\/portal\/wp-content\/uploads\/2022\/06\/karta-300x143.png\" class=\"attachment-medium size-medium wp-image-673\" alt=\"\" srcset=\"https:\/\/ket-rol.com.pl\/portal\/wp-content\/uploads\/2022\/06\/karta-300x143.png 300w, https:\/\/ket-rol.com.pl\/portal\/wp-content\/uploads\/2022\/06\/karta.png 307w\" sizes=\"(max-width: 300px) 100vw, 300px\" \/>\t\t\t\t\t\t\t\t\t\t\t\t\t\t\t<\/div>\n\t\t\t\t<\/div>\n\t\t\t\t\t<\/div>\n\t\t<\/div>\n\t\t\t\t\t<\/div>\n\t\t<\/section>\n\t\t\t\t<\/div>\n\t\t","protected":false},"excerpt":{"rendered":"<p>Sp\u00f3\u0142dzielnia Us\u0142ug i Produkcji K\u0118T-ROL w K\u0119tachul. Krakowska 96a32-650 K\u0119ty tel: 33 845 28 94faks: 33 845 28 72e-mail:\u00a0poczta@ket-rol.com.pladres skrytki ePUAP: \/KETROL\/domyslna NIP: 5490001379REGON: 000461563&hellip;<\/p>\n","protected":false},"author":1,"featured_media":0,"parent":0,"menu_order":0,"comment_status":"closed","ping_status":"closed","template":"","meta":{"footnotes":""},"class_list":["post-86","page","type-page","status-publish","hentry"],"_links":{"self":[{"href":"https:\/\/ket-rol.com.pl\/portal\/wp-json\/wp\/v2\/pages\/86","targetHints":{"allow":["GET"]}}],"collection":[{"href":"https:\/\/ket-rol.com.pl\/portal\/wp-json\/wp\/v2\/pages"}],"about":[{"href":"https:\/\/ket-rol.com.pl\/portal\/wp-json\/wp\/v2\/types\/page"}],"author":[{"embeddable":true,"href":"https:\/\/ket-rol.com.pl\/portal\/wp-json\/wp\/v2\/users\/1"}],"replies":[{"embeddable":true,"href":"https:\/\/ket-rol.com.pl\/portal\/wp-json\/wp\/v2\/comments?post=86"}],"version-history":[{"count":111,"href":"https:\/\/ket-rol.com.pl\/portal\/wp-json\/wp\/v2\/pages\/86\/revisions"}],"predecessor-version":[{"id":2139,"href":"https:\/\/ket-rol.com.pl\/portal\/wp-json\/wp\/v2\/pages\/86\/revisions\/2139"}],"wp:attachment":[{"href":"https:\/\/ket-rol.com.pl\/portal\/wp-json\/wp\/v2\/media?parent=86"}],"curies":[{"name":"wp","href":"https:\/\/api.w.org\/{rel}","templated":true}]}}